{"id":522,"date":"2021-02-19T17:05:21","date_gmt":"2021-02-19T17:05:21","guid":{"rendered":"https:\/\/electro-cabarete.com\/index.php\/home-espanol\/"},"modified":"2021-02-23T15:15:12","modified_gmt":"2021-02-23T15:15:12","slug":"home-espanol","status":"publish","type":"page","link":"https:\/\/electro-cabarete.com\/index.php\/es\/home-espanol\/","title":{"rendered":"Home &#8211; Espa\u00f1ol"},"content":{"rendered":"<div class=\"wpb-content-wrapper\"><p>[vc_row css_animation=&#8221;&#8221; row_type=&#8221;row&#8221; use_row_as_full_screen_section=&#8221;no&#8221; type=&#8221;grid&#8221; angled_section=&#8221;no&#8221; text_align=&#8221;center&#8221; background_image_as_pattern=&#8221;without_pattern&#8221; padding_top=&#8221;140&#8243;][vc_column offset=&#8221;vc_col-lg-offset-3 vc_col-lg-6&#8243;][vc_column_text]<\/p>\n<h2>En lo que estamos especializados<\/h2>\n<p>[\/vc_column_text][vc_separator type=&#8221;transparent&#8221; up=&#8221;20&#8243; down=&#8221;0&#8243;][vc_column_text][\/vc_column_text][\/vc_column][\/vc_row][vc_row css_animation=&#8221;&#8221; row_type=&#8221;row&#8221; use_row_as_full_screen_section=&#8221;no&#8221; type=&#8221;grid&#8221; angled_section=&#8221;no&#8221; text_align=&#8221;center&#8221; background_image_as_pattern=&#8221;without_pattern&#8221; padding_top=&#8221;65&#8243; padding_bottom=&#8221;84&#8243;][vc_column width=&#8221;1\/2&#8243; offset=&#8221;vc_col-lg-3 vc_col-md-3&#8243;]<span data-type=\"normal\" data-hover-icon-color=\"#33bb9b\" class=\"qode_icon_shortcode  q_font_awsome_icon fa-lg pull-center \" style=\" \"><i class=\"qode_icon_font_awesome fa fa-bolt qode_icon_element\" style=\"font-size: 60px;color: #303030;\" ><\/i><\/span>[vc_separator type=&#8221;transparent&#8221; up=&#8221;40&#8243; down=&#8221;0&#8243;][vc_column_text]<\/p>\n<h4>INSTALACIONES EL\u00c9CTRICAS<\/h4>\n<p>[\/vc_column_text][vc_separator type=&#8221;transparent&#8221; up=&#8221;25&#8243; down=&#8221;0&#8243;][vc_column_text]<\/p>\n<p style=\"text-align: center;\">planificaci\u00f3n y ejecuci\u00f3n de instalaciones el\u00e9ctricas domiciliarias o comerciales. Puede esperar un servicio r\u00e1pido y confiable con un equipo profesional de electricistas amigables y experimentados.<\/p>\n<p>[\/vc_column_text][vc_separator type=&#8221;transparent&#8221; up=&#8221;56&#8243; down=&#8221;0&#8243;][\/vc_column][vc_column width=&#8221;1\/2&#8243; offset=&#8221;vc_col-lg-3 vc_col-md-3&#8243;]<span data-type=\"normal\" data-hover-icon-color=\"#33bb9b\" class=\"qode_icon_shortcode  q_font_awsome_icon fa-lg pull-center \" style=\" \"><i class=\"qode_icon_font_awesome fa fa-snowflake-o qode_icon_element\" style=\"font-size: 60px;color: #303030;\" ><\/i><\/span>[vc_separator type=&#8221;transparent&#8221; up=&#8221;40&#8243; down=&#8221;0&#8243;][vc_column_text]<\/p>\n<h4>AIRE ACONDICIONADO<\/h4>\n<p>[\/vc_column_text][vc_separator type=&#8221;transparent&#8221; up=&#8221;25&#8243; down=&#8221;0&#8243;][vc_column_text]<\/p>\n<p style=\"text-align: center;\">Estamos especializados en instalaciones y mantenimiento de aire condicionado. Lo asistimos para la mejor elecci\u00f3n de su equipos.<\/p>\n<p>[\/vc_column_text][vc_separator type=&#8221;transparent&#8221; up=&#8221;56&#8243; down=&#8221;0&#8243;][\/vc_column][vc_column width=&#8221;1\/2&#8243; offset=&#8221;vc_col-lg-3 vc_col-md-3&#8243;]<span data-type=\"normal\" data-hover-icon-color=\"#33bb9b\" class=\"qode_icon_shortcode  q_font_awsome_icon fa-lg pull-center \" style=\" \"><i class=\"qode_icon_font_awesome fa fa-sun-o qode_icon_element\" style=\"font-size: 60px;color: #303030;\" ><\/i><\/span>[vc_separator type=&#8221;transparent&#8221; up=&#8221;40&#8243; down=&#8221;0&#8243;][vc_column_text]<\/p>\n<h4>FOTOVOLTAICO<\/h4>\n<p>[\/vc_column_text][vc_separator type=&#8221;transparent&#8221; up=&#8221;25&#8243; down=&#8221;0&#8243;][vc_column_text]<\/p>\n<p style=\"text-align: center;\">Planificaci\u00f3n e instalaci\u00f3n de energ\u00eda fotovoltaica (sistema solar) On- o Off-Grid<\/p>\n<p>[\/vc_column_text][vc_separator type=&#8221;transparent&#8221; up=&#8221;56&#8243; down=&#8221;0&#8243;][\/vc_column][vc_column width=&#8221;1\/2&#8243; offset=&#8221;vc_col-lg-3 vc_col-md-3&#8243;]<span data-type=\"normal\" data-hover-icon-color=\"#33bb9b\" class=\"qode_icon_shortcode  q_font_awsome_icon fa-lg pull-center \" style=\" \"><i class=\"qode_icon_font_awesome fa fa-fire qode_icon_element\" style=\"font-size: 60px;color: #303030;\" ><\/i><\/span>[vc_separator type=&#8221;transparent&#8221; up=&#8221;40&#8243; down=&#8221;0&#8243;][vc_column_text]<\/p>\n<h4>AGUA CALIENTE<\/h4>\n<p>[\/vc_column_text][vc_separator type=&#8221;transparent&#8221; up=&#8221;25&#8243; down=&#8221;0&#8243;][vc_column_text]<\/p>\n<p style=\"text-align: center;\">Instalamos sistemas <strong>solares<\/strong> de agua caliente y caldera o sistemas de calefacci\u00f3n continua. Le asistimos para la mejor elecci\u00f3n de su equipo.<\/p>\n<p>[\/vc_column_text][vc_separator type=&#8221;transparent&#8221; up=&#8221;56&#8243; down=&#8221;0&#8243;][\/vc_column][\/vc_row][vc_row row_type=&#8221;parallax&#8221; parallax_content_width=&#8221;in_grid&#8221; text_align=&#8221;left&#8221; background_image=&#8221;434&#8243; full_screen_section_height=&#8221;no&#8221;][vc_column][vc_separator type=&#8221;transparent&#8221; thickness=&#8221;0&#8243; up=&#8221;124&#8243; down=&#8221;0&#8243;][vc_row_inner row_type=&#8221;row&#8221; type=&#8221;full_width&#8221; text_align=&#8221;left&#8221; css_animation=&#8221;&#8221;][vc_column_inner width=&#8221;1\/2&#8243; offset=&#8221;vc_col-lg-3 vc_col-md-3&#8243;]<div class=\"q_counter_holder  center\" style=\"\" data-digit=\"789\"><span class=\"counter  zero\" style=\"\">789<\/span><p class=\"counter_text\" style=\"\">clientes solo en la costa norte<\/p><\/div>[\/vc_column_inner][vc_column_inner width=&#8221;1\/2&#8243; offset=&#8221;vc_col-lg-3 vc_col-md-3&#8243;]<div class=\"q_counter_holder  center\" style=\"\" data-digit=\"35\"><span class=\"counter  zero\" style=\"\">35<\/span><p class=\"counter_text\" style=\"\">A\u00f1os de experiencia<\/p><\/div>[\/vc_column_inner][vc_column_inner width=&#8221;1\/2&#8243; offset=&#8221;vc_col-lg-3 vc_col-md-3&#8243;]<div class=\"q_counter_holder  center\" style=\"\" data-digit=\"367\"><span class=\"counter  zero\" style=\"\">367<\/span><p class=\"counter_text\" style=\"\">Aire acondicionado instalado<\/p><\/div>[\/vc_column_inner][vc_column_inner width=&#8221;1\/2&#8243; offset=&#8221;vc_col-lg-3 vc_col-md-3&#8243;]<div class=\"q_counter_holder  center\" style=\"\" data-digit=\"426\"><span class=\"counter  zero\" style=\"\">426<\/span><p class=\"counter_text\" style=\"\">Sistemas fotovoltaicos instalados<\/p><\/div>[\/vc_column_inner][\/vc_row_inner][vc_separator type=&#8221;transparent&#8221; thickness=&#8221;0&#8243; up=&#8221;112&#8243; down=&#8221;0&#8243;][\/vc_column][\/vc_row][vc_row css_animation=&#8221;&#8221; row_type=&#8221;row&#8221; use_row_as_full_screen_section=&#8221;no&#8221; type=&#8221;grid&#8221; angled_section=&#8221;no&#8221; text_align=&#8221;center&#8221; background_image_as_pattern=&#8221;without_pattern&#8221; padding_top=&#8221;140&#8243; padding_bottom=&#8221;60&#8243;][vc_column offset=&#8221;vc_col-lg-offset-3 vc_col-lg-6&#8243;][vc_column_text]<\/p>\n<h2>D\u00f3nde estamos?<\/h2>\n<p>[\/vc_column_text][vc_separator type=&#8221;transparent&#8221; up=&#8221;20&#8243; down=&#8221;0&#8243;][vc_column_text]<\/p>\n<h3>Ubicados en el coraz\u00f3n de la costa norte de la Rep\u00fablica Dominicana, estamos disponibles para manejar todas sus necesidades el\u00e9ctricas de manera r\u00e1pida y eficiente.<\/h3>\n<p>[\/vc_column_text][\/vc_column][\/vc_row][vc_row css_animation=&#8221;&#8221; row_type=&#8221;row&#8221; use_row_as_full_screen_section=&#8221;no&#8221; type=&#8221;grid&#8221; angled_section=&#8221;no&#8221; text_align=&#8221;center&#8221; background_image_as_pattern=&#8221;without_pattern&#8221; padding_bottom=&#8221;73&#8243;][vc_column offset=&#8221;vc_col-lg-4 vc_col-md-4&#8243;][vc_single_image image=&#8221;342&#8243; img_size=&#8221;full&#8221; alignment=&#8221;center&#8221; qode_css_animation=&#8221;&#8221;][vc_separator type=&#8221;transparent&#8221; up=&#8221;35&#8243; down=&#8221;0&#8243;][vc_separator type=&#8221;transparent&#8221; up=&#8221;25&#8243; down=&#8221;0&#8243;][vc_separator type=&#8221;transparent&#8221; up=&#8221;67&#8243; down=&#8221;0&#8243;][\/vc_column][vc_column offset=&#8221;vc_col-lg-4 vc_col-md-4&#8243;][vc_gmaps link=&#8221;#E-8_JTNDaWZyYW1lJTIwc3JjJTNEJTIyaHR0cHMlM0ElMkYlMkZ3d3cuZ29vZ2xlLmNvbSUyRm1hcHMlMkZlbWJlZCUzRnBiJTNEJTIxMW0xNCUyMTFtMTIlMjExbTMlMjExZDI2NTUuNzc0MzgxODE2MzE3JTIxMmQtNzAuMzg0OTc4NjQzMTI1NjglMjEzZDE5LjcxOTc2OTA2NTUzNjk0NCUyMTJtMyUyMTFmMCUyMTJmMCUyMTNmMCUyMTNtMiUyMTFpMTAyNCUyMTJpNzY4JTIxNGYxMy4xJTIxNWUwJTIxM20yJTIxMXNlbiUyMTJzZG8lMjE0djE2MTM1MzEzNzc5MTMlMjE1bTIlMjExc2VuJTIxMnNkbyUyMiUyMHdpZHRoJTNEJTIyNjAwJTIyJTIwaGVpZ2h0JTNEJTIyNDUwJTIyJTIwZnJhbWVib3JkZXIlM0QlMjIwJTIyJTIwc3R5bGUlM0QlMjJib3JkZXIlM0EwJTNCJTIyJTIwYWxsb3dmdWxsc2NyZWVuJTNEJTIyJTIyJTIwYXJpYS1oaWRkZW4lM0QlMjJmYWxzZSUyMiUyMHRhYmluZGV4JTNEJTIyMCUyMiUzRSUzQyUyRmlmcmFtZSUzRQ==&#8221;][vc_separator type=&#8221;transparent&#8221; up=&#8221;35&#8243; down=&#8221;0&#8243;][vc_column_text]<\/p>\n<h4>NUESTRA OFICINA<\/h4>\n<p>[\/vc_column_text][vc_separator type=&#8221;transparent&#8221; up=&#8221;25&#8243; down=&#8221;0&#8243;][vc_column_text]<\/p>\n<p style=\"text-align: center;\">Estamos ubicados entre Cabarete y Islabon.<\/p>\n<p style=\"text-align: center;\">Jardin Deportivo, Cabarete, Rep\u00fablica Dominicana<\/p>\n<p>[\/vc_column_text][vc_separator type=&#8221;transparent&#8221; up=&#8221;67&#8243; down=&#8221;0&#8243;][\/vc_column][vc_column offset=&#8221;vc_col-lg-4 vc_col-md-4&#8243;][vc_single_image image=&#8221;437&#8243; img_size=&#8221;full&#8221; alignment=&#8221;center&#8221; qode_css_animation=&#8221;&#8221;][vc_separator type=&#8221;transparent&#8221; up=&#8221;35&#8243; down=&#8221;0&#8243;][vc_column_text]<\/p>\n<h4>HORAS DE SERVICIO<\/h4>\n<p>[\/vc_column_text][vc_separator type=&#8221;transparent&#8221; up=&#8221;25&#8243; down=&#8221;0&#8243;][vc_column_text]<\/p>\n<p style=\"text-align: center;\">LU-VI 8:00 &#8211; 17:00<\/p>\n<p style=\"text-align: center;\">SA-DO S\u00f3lo emergencias<\/p>\n<p>[\/vc_column_text][vc_separator type=&#8221;transparent&#8221; up=&#8221;67&#8243; down=&#8221;0&#8243;][\/vc_column][\/vc_row][vc_row row_type=&#8221;parallax&#8221; parallax_content_width=&#8221;in_grid&#8221; text_align=&#8221;left&#8221; background_image=&#8221;635&#8243; full_screen_section_height=&#8221;no&#8221;][vc_column][vc_separator type=&#8221;transparent&#8221; up=&#8221;146&#8243; down=&#8221;0&#8243;][vc_row_inner row_type=&#8221;row&#8221; type=&#8221;full_width&#8221; text_align=&#8221;left&#8221; css_animation=&#8221;&#8221;][vc_column_inner offset=&#8221;vc_col-lg-4 vc_col-md-4&#8243;][vc_column_text]<\/p>\n<h4>\u00a1No tengas miedo, el electricista llego!<\/h4>\n<p>[\/vc_column_text][vc_separator type=&#8221;transparent&#8221; up=&#8221;17&#8243; down=&#8221;0&#8243;][vc_column_text]<span style=\"color: #000000;\">Si tiene alguna pregunta ll\u00e1menos o utilice el formulario de contacto. \u00a1Gracias!<\/span>[\/vc_column_text][vc_separator type=&#8221;transparent&#8221; up=&#8221;39&#8243; down=&#8221;0&#8243;]<a  itemprop=\"url\" href=\"https:\/\/electro-cabarete.com\/index.php\/es\/contacto\/\" target=\"_self\"  class=\"qbutton  medium white default\" style=\"font-style: normal; \">CONTACTO<\/a>[vc_separator type=&#8221;transparent&#8221; up=&#8221;64&#8243; down=&#8221;0&#8243;][\/vc_column_inner][vc_column_inner offset=&#8221;vc_col-lg-4 vc_col-md-4&#8243;][vc_column_text][\/vc_column_text][vc_separator type=&#8221;transparent&#8221; up=&#8221;24&#8243; down=&#8221;0&#8243;][vc_separator type=&#8221;transparent&#8221; up=&#8221;64&#8243; down=&#8221;0&#8243;][\/vc_column_inner][vc_column_inner offset=&#8221;vc_col-lg-4 vc_col-md-4&#8243;][vc_column_text]<\/p>\n<h4>Sobre nosotros<\/h4>\n<p>[\/vc_column_text][vc_separator type=&#8221;transparent&#8221; up=&#8221;17&#8243; down=&#8221;0&#8243;][vc_column_text]<span style=\"color: #000000;\"><strong>Mi nombre es Marcel, soy un electricista alem\u00e1n y trabajo con la electr\u00f3nica desde 35 a\u00f1os. Trabajo con un peque\u00f1o equipo aqu\u00ed en Rep\u00fablica Dominicana desde 2005.<\/strong><\/span>[\/vc_column_text][vc_separator type=&#8221;transparent&#8221; up=&#8221;30&#8243; down=&#8221;0&#8243;][vc_column_text]<span style=\"color: #000000;\"><strong>Ofrecemos el mejor equipo del mercado incluida su instalaci\u00f3n + mantenimiento.<\/strong><\/span>[\/vc_column_text][vc_separator type=&#8221;transparent&#8221; up=&#8221;64&#8243; down=&#8221;0&#8243;][\/vc_column_inner][\/vc_row_inner][vc_separator type=&#8221;transparent&#8221; up=&#8221;81&#8243; down=&#8221;0&#8243;][\/vc_column][\/vc_row]<\/p>\n<\/div>","protected":false},"excerpt":{"rendered":"<p>[vc_row css_animation=&#8221;&#8221; row_type=&#8221;row&#8221; use_row_as_full_screen_section=&#8221;no&#8221; type=&#8221;grid&#8221; angled_section=&#8221;no&#8221; text_align=&#8221;center&#8221; background_image_as_pattern=&#8221;without_pattern&#8221; padding_top=&#8221;140&#8243;][vc_column offset=&#8221;vc_col-lg-offset-3 vc_col-lg-6&#8243;][vc_column_text] En lo que estamos especializados [\/vc_column_text][vc_separator type=&#8221;transparent&#8221; up=&#8221;20&#8243; down=&#8221;0&#8243;][vc_column_text][\/vc_column_text][\/vc_column][\/vc_row][vc_row css_animation=&#8221;&#8221; row_type=&#8221;row&#8221; use_row_as_full_screen_section=&#8221;no&#8221; type=&#8221;grid&#8221; angled_section=&#8221;no&#8221; text_align=&#8221;center&#8221; background_image_as_pattern=&#8221;without_pattern&#8221; padding_top=&#8221;65&#8243; padding_bottom=&#8221;84&#8243;][vc_column width=&#8221;1\/2&#8243; offset=&#8221;vc_col-lg-3 vc_col-md-3&#8243;][vc_separator type=&#8221;transparent&#8221; up=&#8221;40&#8243; down=&#8221;0&#8243;][vc_column_text] INSTALACIONES EL\u00c9CTRICAS [\/vc_column_text][vc_separator type=&#8221;transparent&#8221; up=&#8221;25&#8243; down=&#8221;0&#8243;][vc_column_text] planificaci\u00f3n y ejecuci\u00f3n de&#8230;<\/p>\n","protected":false},"author":1,"featured_media":0,"parent":0,"menu_order":0,"comment_status":"closed","ping_status":"closed","template":"full_width.php","meta":{"footnotes":""},"class_list":["post-522","page","type-page","status-publish","hentry"],"_links":{"self":[{"href":"https:\/\/electro-cabarete.com\/index.php\/wp-json\/wp\/v2\/pages\/522","targetHints":{"allow":["GET"]}}],"collection":[{"href":"https:\/\/electro-cabarete.com\/index.php\/wp-json\/wp\/v2\/pages"}],"about":[{"href":"https:\/\/electro-cabarete.com\/index.php\/wp-json\/wp\/v2\/types\/page"}],"author":[{"embeddable":true,"href":"https:\/\/electro-cabarete.com\/index.php\/wp-json\/wp\/v2\/users\/1"}],"replies":[{"embeddable":true,"href":"https:\/\/electro-cabarete.com\/index.php\/wp-json\/wp\/v2\/comments?post=522"}],"version-history":[{"count":6,"href":"https:\/\/electro-cabarete.com\/index.php\/wp-json\/wp\/v2\/pages\/522\/revisions"}],"predecessor-version":[{"id":568,"href":"https:\/\/electro-cabarete.com\/index.php\/wp-json\/wp\/v2\/pages\/522\/revisions\/568"}],"wp:attachment":[{"href":"https:\/\/electro-cabarete.com\/index.php\/wp-json\/wp\/v2\/media?parent=522"}],"curies":[{"name":"wp","href":"https:\/\/api.w.org\/{rel}","templated":true}]}}