{"id":544,"date":"2021-02-19T19:08:01","date_gmt":"2021-02-19T19:08:01","guid":{"rendered":"https:\/\/electro-cabarete.com\/?page_id=544"},"modified":"2021-03-10T02:00:26","modified_gmt":"2021-03-10T02:00:26","slug":"ueber-uns","status":"publish","type":"page","link":"https:\/\/electro-cabarete.com\/index.php\/de\/ueber-uns\/","title":{"rendered":"Leistungen"},"content":{"rendered":"<div class=\"wpb-content-wrapper\"><p>[vc_row css_animation=&#8221;&#8221; row_type=&#8221;row&#8221; use_row_as_full_screen_section=&#8221;no&#8221; type=&#8221;grid&#8221; angled_section=&#8221;no&#8221; text_align=&#8221;center&#8221; background_image_as_pattern=&#8221;without_pattern&#8221; css=&#8221;.vc_custom_1456908710304{padding-top: 112px !important;padding-bottom: 60px !important;}&#8221;][vc_column offset=&#8221;vc_col-lg-offset-3 vc_col-lg-6&#8243;][vc_column_text]<\/p>\n<h2>Leistungen<\/h2>\n<p>[\/vc_column_text][vc_separator type=&#8221;transparent&#8221; up=&#8221;20&#8243; down=&#8221;0&#8243;][vc_column_text]<\/p>\n<h3>im Herzen der Nordk\u00fcste auf der Dominikanischen republik, stehen wir Ihnen jederzeit zur Verf\u00fcgung, um alle Ihre elektrischen Anforderungen schnell und effizient zu erf\u00fcllen.<\/h3>\n<p>[\/vc_column_text][\/vc_column][\/vc_row][vc_row css_animation=&#8221;&#8221; row_type=&#8221;row&#8221; use_row_as_full_screen_section=&#8221;no&#8221; type=&#8221;grid&#8221; angled_section=&#8221;no&#8221; text_align=&#8221;left&#8221; background_image_as_pattern=&#8221;without_pattern&#8221; css=&#8221;.vc_custom_1458125096985{padding-bottom: 150px !important;}&#8221;][vc_column]<div class='cover_boxes' data-active-element='1'><ul class='clearfix'><li><div class='box'><a itemprop='url' class='thumb' href='https:\/\/electro-cabarete.com\/index.php\/de\/kontakt\/' target='_self'><img itemprop='image' alt='Klimaanlagen' src='https:\/\/electro-cabarete.com\/wp-content\/uploads\/2021\/02\/aircon.jpg' \/><\/a><div class='box_content'><h3 >Klimaanlagen<\/h3><p >Installation ,Wartung und Unterst\u00fctzung in Ihrer Produktwahl.<\/p><a itemprop='url' class='qbutton tiny' href='https:\/\/electro-cabarete.com\/index.php\/de\/kontakt\/' target='_self'>KONTAKT<\/a><\/div><\/div><\/li><li><div class='box'><a itemprop='url' class='thumb' href='https:\/\/electro-cabarete.com\/index.php\/de\/kontakt\/' target='_self'><img itemprop='image' alt='Photovoltaics' src='https:\/\/electro-cabarete.com\/wp-content\/uploads\/2021\/02\/shutterstock_1349315171-scaled.jpg' \/><\/a><div class='box_content'><h3 >Photovoltaics<\/h3><p >Planung und Instalation von Photovoltaic Anlagen, on und off-grid<\/p><a itemprop='url' class='qbutton tiny' href='https:\/\/electro-cabarete.com\/index.php\/de\/kontakt\/' target='_self'>KONTAKT<\/a><\/div><\/div><\/li><li><div class='box'><a itemprop='url' class='thumb' href='https:\/\/electro-cabarete.com\/index.php\/de\/kontakt\/' target='_self'><img itemprop='image' alt='Beratung' src='https:\/\/electro-cabarete.com\/wp-content\/uploads\/2021\/02\/Fit6.jpg' \/><\/a><div class='box_content'><h3 >Beratung<\/h3><p >Nicht sicher welches Produkt Sie kaufen sollten? Rufen Sie uns an.<\/p><a itemprop='url' class='qbutton tiny' href='https:\/\/electro-cabarete.com\/index.php\/de\/kontakt\/' target='_self'>KONTAKT<\/a><\/div><\/div><\/li><\/ul><\/div>[vc_separator type=&#8221;transparent&#8221; thickness=&#8221;0&#8243; up=&#8221;0&#8243; down=&#8221;32&#8243;]<div class='cover_boxes' data-active-element='2'><ul class='clearfix'><li><div class='box'><a itemprop='url' class='thumb' href='https:\/\/electro-cabarete.com\/index.php\/de\/kontakt\/' target='_self'><img itemprop='image' alt='Elektro Installationen' src='https:\/\/electro-cabarete.com\/wp-content\/uploads\/2021\/02\/Fit4-scaled.jpg' \/><\/a><div class='box_content'><h3 >Elektro Installationen<\/h3><p >Planung und Ausf\u00fchrung von Elektro-Installationen<\/p><a itemprop='url' class='qbutton tiny' href='https:\/\/electro-cabarete.com\/index.php\/de\/kontakt\/' target='_self'>KONTAKT<\/a><\/div><\/div><\/li><li><div class='box'><a itemprop='url' class='thumb' href='https:\/\/electro-cabarete.com\/index.php\/de\/kontakt\/' target='_self'><img itemprop='image' alt='Solar Pool Pumpen' src='https:\/\/electro-cabarete.com\/wp-content\/uploads\/2021\/02\/SolarPumps-1.jpg' \/><\/a><div class='box_content'><h3 >Solar Pool Pumpen<\/h3><p >Wir installieren Solar-Pumpen und Solar-Heiss-Wasser-Systeme<\/p><a itemprop='url' class='qbutton tiny' href='https:\/\/electro-cabarete.com\/index.php\/de\/kontakt\/' target='_self'>KONTAKT<\/a><\/div><\/div><\/li><li><div class='box'><a itemprop='url' class='thumb' href='https:\/\/electro-cabarete.com\/index.php\/de\/kontakt\/' target='_self'><img itemprop='image' alt='Heiss Wasser' src='https:\/\/electro-cabarete.com\/wp-content\/uploads\/2021\/02\/SolarPanel-1-scaled.jpg' \/><\/a><div class='box_content'><h3 >Heiss Wasser<\/h3><p >Heiss-Wasser-Systeme, Boiler und Durchlauferhitzer.<\/p><a itemprop='url' class='qbutton tiny' href='https:\/\/electro-cabarete.com\/index.php\/de\/kontakt\/' target='_self'>Kontakt<\/a><\/div><\/div><\/li><\/ul><\/div>[\/vc_column][\/vc_row]<\/p>\n<\/div>","protected":false},"excerpt":{"rendered":"<p>[vc_row css_animation=&#8221;&#8221; row_type=&#8221;row&#8221; use_row_as_full_screen_section=&#8221;no&#8221; type=&#8221;grid&#8221; angled_section=&#8221;no&#8221; text_align=&#8221;center&#8221; background_image_as_pattern=&#8221;without_pattern&#8221; css=&#8221;.vc_custom_1456908710304{padding-top: 112px !important;padding-bottom: 60px !important;}&#8221;][vc_column offset=&#8221;vc_col-lg-offset-3 vc_col-lg-6&#8243;][vc_column_text] Leistungen [\/vc_column_text][vc_separator type=&#8221;transparent&#8221; up=&#8221;20&#8243; down=&#8221;0&#8243;][vc_column_text] im Herzen der Nordk\u00fcste auf der Dominikanischen republik, stehen wir Ihnen jederzeit zur Verf\u00fcgung, um alle Ihre elektrischen Anforderungen schnell und effizient zu erf\u00fcllen. [\/vc_column_text][\/vc_column][\/vc_row][vc_row&#8230;<\/p>\n","protected":false},"author":1,"featured_media":0,"parent":0,"menu_order":0,"comment_status":"closed","ping_status":"closed","template":"full_width.php","meta":{"footnotes":""},"class_list":["post-544","page","type-page","status-publish","hentry"],"_links":{"self":[{"href":"https:\/\/electro-cabarete.com\/index.php\/wp-json\/wp\/v2\/pages\/544","targetHints":{"allow":["GET"]}}],"collection":[{"href":"https:\/\/electro-cabarete.com\/index.php\/wp-json\/wp\/v2\/pages"}],"about":[{"href":"https:\/\/electro-cabarete.com\/index.php\/wp-json\/wp\/v2\/types\/page"}],"author":[{"embeddable":true,"href":"https:\/\/electro-cabarete.com\/index.php\/wp-json\/wp\/v2\/users\/1"}],"replies":[{"embeddable":true,"href":"https:\/\/electro-cabarete.com\/index.php\/wp-json\/wp\/v2\/comments?post=544"}],"version-history":[{"count":11,"href":"https:\/\/electro-cabarete.com\/index.php\/wp-json\/wp\/v2\/pages\/544\/revisions"}],"predecessor-version":[{"id":654,"href":"https:\/\/electro-cabarete.com\/index.php\/wp-json\/wp\/v2\/pages\/544\/revisions\/654"}],"wp:attachment":[{"href":"https:\/\/electro-cabarete.com\/index.php\/wp-json\/wp\/v2\/media?parent=544"}],"curies":[{"name":"wp","href":"https:\/\/api.w.org\/{rel}","templated":true}]}}